{"id":170,"date":"2022-04-26T12:50:51","date_gmt":"2022-04-26T10:50:51","guid":{"rendered":"https:\/\/griffinautomotive.pl\/polityka-prywatnosci\/"},"modified":"2022-12-23T11:40:39","modified_gmt":"2022-12-23T10:40:39","slug":"polityka-prywatnosci","status":"publish","type":"page","link":"https:\/\/griffinautomotive.pl\/de\/polityka-prywatnosci\/","title":{"rendered":"Polityka prywatno\u015bci"},"content":{"rendered":"<p><strong>Polityka prywatno\u015bci<\/strong><\/p>\n<p><strong>Kto jest administratorem Twoich\u00a0danych osobowych?<br \/>\n<\/strong>Administratorem Twoich\u00a0danych osobowych jest GRIFFIN S.A. z\u00a0siedzib\u0105 w\u00a0Gdyni (81-395), przy ul.\u00a0W\u0142adys\u0142awa IV 43.<\/p>\n<p><strong><br \/>\nJak si\u0119 z\u00a0nami skontaktowa\u0107, \u017ceby\u00a0uzyska\u0107 wi\u0119cej informacji o\u00a0przetwarzaniu danych osobowych?<br \/>\n<\/strong>W\u00a0celu uzyskania informacji odno\u015bnie sposobu przetwarzania danych osobowych przez\u00a0GRIFFIN S.A. prosimy o\u00a0kontakt na\u00a0adres mailowy:\u00a0<a href=\"mailto:office@griffinautomotive.pl\">office@griffinautomotive.pl<\/a> lub na\u00a0adres siedziby: ul.\u00a0W\u0142adys\u0142awa IV 43, 81-395 Gdynia.<\/p>\n<p><strong><br \/>\nJaki jest cel przetwarzania Twoich\u00a0danych osobowych przez\u00a0GRIFFIN S.A.?<br \/>\n<\/strong>Twoje\u00a0dane osobowe przetwarzane b\u0119d\u0105 w\u00a0celu przesy\u0142ania newsletter\u00f3w, dla cel\u00f3w marketingowych, dla cel\u00f3w statystycznych, a\u00a0tak\u017ce w\u00a0celu wykonania umowy.<\/p>\n<p><strong><br \/>\nJaka jest podstawa prawna przetwarzania danych osobowych przez\u00a0GRIFFIN S.A.?<br \/>\n<\/strong>Podstaw\u0105 prawn\u0105 przetwarzania Twoich\u00a0danych osobowych jest realizacja um\u00f3w zawartych przez\u00a0GRIFFIN S.A., realizacja obowi\u0105zku prawnego b\u0105d\u017a prawnie uzasadniony interes Administratora (np.: cele statystyczne, marketing) lub te\u017c Twoja uprzednia zgoda.<\/p>\n<p>Je\u017celi wymagaj\u0105 tego przepisy prawa, mo\u017cemy wymaga\u0107 od\u00a0Ciebie podania danych niezb\u0119dnych np.\u00a0ze\u00a0wzgl\u0119d\u00f3w rachunkowych lub podatkowych albo\u00a0do\u00a0wykonania umowy. Poza tymi przypadkami podanie Twoich\u00a0danych jest dobrowolne.<\/p>\n<p><strong><br \/>\nKomu udost\u0119pniamy Twoje\u00a0dane osobowe?<br \/>\n<\/strong>Twoje\u00a0dane osobowe b\u0119d\u0105 przetwarzane przez\u00a0lub ich odbiorcami b\u0119d\u0105 m.in.\u00a0nast\u0119puj\u0105ce podmioty:<br \/>\n\u2022 pracownicy GRIFFIN S.A.,<br \/>\n\u2022 osoby wsp\u00f3\u0142pracuj\u0105ce z\u00a0GRIFFIN S.A.,<br \/>\n\u2022 wybrani us\u0142ugodawcy GRIFFIN S.A. (np.: podmioty \u015bwiadcz\u0105ce us\u0142ugi e-mail marketingu lub us\u0142ugi informatyczne)<\/p>\n<p><strong><br \/>\nJak chronimy przetwarzane przez\u00a0nas dane osobowe?<br \/>\n<\/strong>Twoje\u00a0dane osobowe b\u0119d\u0105 chronione poprzez zastosowanie odpowiednich \u015brodk\u00f3w (technicznych, fizycznych oraz\u00a0organizacyjnych) zgodnych ze\u00a0standardem rynkowym, w\u00a0celu zapewnienia poufno\u015bci, integralno\u015bci i\u00a0dost\u0119pno\u015bci przetwarzanych danych osobowych, zapobiegania nieuprawnionemu u\u017cyciu czy\u00a0dost\u0119powi do\u00a0danych osobowych, jak r\u00f3wnie\u017c zapobiegania naruszeniu ochrony danych (incydentowi bezpiecze\u0144stwa).<br \/>\nTwoje\u00a0dane osobowe mog\u0105 by\u0107 przekazywane do\u00a0pa\u0144stw trzecich na\u00a0podstawie decyzji Komisji Europejskiej stwierdzaj\u0105cej odpowiedni stopie\u0144 ochrony.<\/p>\n<p><strong><br \/>\nJak d\u0142ugo przechowujemy dane osobowe?<br \/>\n<\/strong>Twoje\u00a0dane osobowe b\u0119d\u0105 przechowywane do\u00a0momentu realizacji celu, dla kt\u00f3rego\u00a0s\u0105\u00a0przetwarzane lub odwo\u0142ania zgody b\u0105d\u017a do\u00a0momentu przedawnienia roszcze\u0144 zwi\u0105zanych z\u00a0celami, dla kt\u00f3rych\u00a0zbierane s\u0105\u00a0dane osobowe.<\/p>\n<p><strong><br \/>\nJakie masz uprawnienia wobec GRIFFIN S.A. w\u00a0zakresie przetwarzanych Twoich\u00a0danych?<br \/>\n<\/strong>Posiadasz prawo dost\u0119pu do\u00a0tre\u015bci swoich danych oraz\u00a0prawo ich sprostowania, usuni\u0119cia, ograniczenia przetwarzania, prawo do\u00a0przenoszenia danych, prawo wniesienia sprzeciwu, w\u00a0zakresie okre\u015blonym przepisami prawa.<br \/>\nPosiadasz r\u00f3wnie\u017c prawo do\u00a0cofni\u0119cia zgody na\u00a0ich przetwarzanie w\u00a0dowolnym momencie bez\u00a0wp\u0142ywu na\u00a0zgodno\u015b\u0107 z\u00a0prawem przetwarzania, kt\u00f3rego\u00a0dokonano na\u00a0podstawie zgody wyra\u017conej przed\u00a0jej cofni\u0119ciem. O\u015bwiadczenie o\u00a0cofni\u0119ciu zgody na\u00a0przetwarzanie danych osobowych wymaga jego przes\u0142ania na\u00a0adres mailowy\u00a0<a href=\"mailto:office@griffinautomotive.pl\">office@griffinautomotive.pl<\/a><br \/>\nMasz prawo wniesienia skargi do\u00a0organu nadzorczego, gdy\u00a0uznasz, i\u017c\u00a0przetwarzanie Twoich\u00a0danych osobowych narusza przepisy RODO.<\/p>\n<p><strong><br \/>\nCzy przetwarzamy Twoich\u00a0dane osobowe automatycznie<br \/>\n(w\u00a0tym poprzez profilowanie) w\u00a0spos\u00f3b wp\u0142ywaj\u0105cy na\u00a0prawa?<\/strong><br \/>\nTwoje\u00a0dane mog\u0105 by\u0107 przetwarzane w\u00a0spos\u00f3b zautomatyzowany, w\u00a0tym r\u00f3wnie\u017c w\u00a0formie profilowania w\u00a0celu doboru odpowiednich adresat\u00f3w informacji handlowych, dla cel\u00f3w statystycznych oraz\u00a0marketingowych.<\/p>\n","protected":false},"excerpt":{"rendered":"<p>Polityka prywatno\u015bci Kto jest administratorem Twoich\u00a0danych osobowych? Administratorem Twoich\u00a0danych osobowych jest GRIFFIN S.A. z\u00a0siedzib\u0105 w\u00a0Gdyni (81-395), przy ul.\u00a0W\u0142adys\u0142awa IV 43. Jak si\u0119 z\u00a0nami skontaktowa\u0107, \u017ceby\u00a0uzyska\u0107 wi\u0119cej informacji o\u00a0przetwarzaniu danych osobowych? W\u00a0celu uzyskania informacji odno\u015bnie sposobu przetwarzania danych osobowych przez\u00a0GRIFFIN S.A. prosimy o\u00a0kontakt na\u00a0adres mailowy:\u00a0office@griffinautomotive.pl lub na\u00a0adres siedziby: ul.\u00a0W\u0142adys\u0142awa IV 43, 81-395 Gdynia. Jaki jest cel [&hellip;]<\/p>\n","protected":false},"author":1,"featured_media":0,"parent":0,"menu_order":0,"comment_status":"closed","ping_status":"closed","template":"","meta":{"_acf_changed":false,"footnotes":""},"class_list":["post-170","page","type-page","status-publish","hentry"],"acf":[],"yoast_head":"<!-- This site is optimized with the Yoast SEO plugin v27.4 - https:\/\/yoast.com\/product\/yoast-seo-wordpress\/ -->\n<title>Polityka prywatno\u015bci - Griffin<\/title>\n<meta name=\"robots\" content=\"index, follow, max-snippet:-1, max-image-preview:large, max-video-preview:-1\" \/>\n<link rel=\"canonical\" href=\"https:\/\/griffinautomotive.pl\/de\/polityka-prywatnosci\/\" \/>\n<meta property=\"og:locale\" content=\"de_DE\" \/>\n<meta property=\"og:type\" content=\"article\" \/>\n<meta property=\"og:title\" content=\"Polityka prywatno\u015bci - Griffin\" \/>\n<meta property=\"og:description\" content=\"Polityka prywatno\u015bci Kto jest administratorem Twoich\u00a0danych osobowych? Administratorem Twoich\u00a0danych osobowych jest GRIFFIN S.A. z\u00a0siedzib\u0105 w\u00a0Gdyni (81-395), przy ul.\u00a0W\u0142adys\u0142awa IV 43. Jak si\u0119 z\u00a0nami skontaktowa\u0107, \u017ceby\u00a0uzyska\u0107 wi\u0119cej informacji o\u00a0przetwarzaniu danych osobowych? W\u00a0celu uzyskania informacji odno\u015bnie sposobu przetwarzania danych osobowych przez\u00a0GRIFFIN S.A. prosimy o\u00a0kontakt na\u00a0adres mailowy:\u00a0office@griffinautomotive.pl lub na\u00a0adres siedziby: ul.\u00a0W\u0142adys\u0142awa IV 43, 81-395 Gdynia. Jaki jest cel [&hellip;]\" \/>\n<meta property=\"og:url\" content=\"https:\/\/griffinautomotive.pl\/de\/polityka-prywatnosci\/\" \/>\n<meta property=\"og:site_name\" content=\"Griffin\" \/>\n<meta property=\"article:modified_time\" content=\"2022-12-23T10:40:39+00:00\" \/>\n<meta property=\"og:image\" content=\"https:\/\/griffinautomotive.pl\/wp-content\/uploads\/2022\/04\/2@2x.jpg\" \/>\n\t<meta property=\"og:image:width\" content=\"1200\" \/>\n\t<meta property=\"og:image:height\" content=\"630\" \/>\n\t<meta property=\"og:image:type\" content=\"image\/jpeg\" \/>\n<meta name=\"twitter:card\" content=\"summary_large_image\" \/>\n<meta name=\"twitter:label1\" content=\"Gesch\u00e4tzte Lesezeit\" \/>\n\t<meta name=\"twitter:data1\" content=\"3\u00a0Minuten\" \/>\n<script type=\"application\/ld+json\" class=\"yoast-schema-graph\">{\"@context\":\"https:\\\/\\\/schema.org\",\"@graph\":[{\"@type\":\"WebPage\",\"@id\":\"https:\\\/\\\/griffinautomotive.pl\\\/de\\\/polityka-prywatnosci\\\/\",\"url\":\"https:\\\/\\\/griffinautomotive.pl\\\/de\\\/polityka-prywatnosci\\\/\",\"name\":\"Polityka prywatno\u015bci - Griffin\",\"isPartOf\":{\"@id\":\"https:\\\/\\\/griffinautomotive.pl\\\/#website\"},\"datePublished\":\"2022-04-26T10:50:51+00:00\",\"dateModified\":\"2022-12-23T10:40:39+00:00\",\"breadcrumb\":{\"@id\":\"https:\\\/\\\/griffinautomotive.pl\\\/de\\\/polityka-prywatnosci\\\/#breadcrumb\"},\"inLanguage\":\"de\",\"potentialAction\":[{\"@type\":\"ReadAction\",\"target\":[\"https:\\\/\\\/griffinautomotive.pl\\\/de\\\/polityka-prywatnosci\\\/\"]}]},{\"@type\":\"BreadcrumbList\",\"@id\":\"https:\\\/\\\/griffinautomotive.pl\\\/de\\\/polityka-prywatnosci\\\/#breadcrumb\",\"itemListElement\":[{\"@type\":\"ListItem\",\"position\":1,\"name\":\"Strona g\u0142\u00f3wna\",\"item\":\"https:\\\/\\\/griffinautomotive.pl\\\/de\\\/\"},{\"@type\":\"ListItem\",\"position\":2,\"name\":\"Polityka prywatno\u015bci\"}]},{\"@type\":\"WebSite\",\"@id\":\"https:\\\/\\\/griffinautomotive.pl\\\/#website\",\"url\":\"https:\\\/\\\/griffinautomotive.pl\\\/\",\"name\":\"Griffin\",\"description\":\"\",\"potentialAction\":[{\"@type\":\"SearchAction\",\"target\":{\"@type\":\"EntryPoint\",\"urlTemplate\":\"https:\\\/\\\/griffinautomotive.pl\\\/?s={search_term_string}\"},\"query-input\":{\"@type\":\"PropertyValueSpecification\",\"valueRequired\":true,\"valueName\":\"search_term_string\"}}],\"inLanguage\":\"de\"}]}<\/script>\n<!-- \/ Yoast SEO plugin. -->","yoast_head_json":{"title":"Polityka prywatno\u015bci - Griffin","robots":{"index":"index","follow":"follow","max-snippet":"max-snippet:-1","max-image-preview":"max-image-preview:large","max-video-preview":"max-video-preview:-1"},"canonical":"https:\/\/griffinautomotive.pl\/de\/polityka-prywatnosci\/","og_locale":"de_DE","og_type":"article","og_title":"Polityka prywatno\u015bci - Griffin","og_description":"Polityka prywatno\u015bci Kto jest administratorem Twoich\u00a0danych osobowych? Administratorem Twoich\u00a0danych osobowych jest GRIFFIN S.A. z\u00a0siedzib\u0105 w\u00a0Gdyni (81-395), przy ul.\u00a0W\u0142adys\u0142awa IV 43. Jak si\u0119 z\u00a0nami skontaktowa\u0107, \u017ceby\u00a0uzyska\u0107 wi\u0119cej informacji o\u00a0przetwarzaniu danych osobowych? W\u00a0celu uzyskania informacji odno\u015bnie sposobu przetwarzania danych osobowych przez\u00a0GRIFFIN S.A. prosimy o\u00a0kontakt na\u00a0adres mailowy:\u00a0office@griffinautomotive.pl lub na\u00a0adres siedziby: ul.\u00a0W\u0142adys\u0142awa IV 43, 81-395 Gdynia. Jaki jest cel [&hellip;]","og_url":"https:\/\/griffinautomotive.pl\/de\/polityka-prywatnosci\/","og_site_name":"Griffin","article_modified_time":"2022-12-23T10:40:39+00:00","og_image":[{"width":1200,"height":630,"url":"https:\/\/griffinautomotive.pl\/wp-content\/uploads\/2022\/04\/2@2x.jpg","type":"image\/jpeg"}],"twitter_card":"summary_large_image","twitter_misc":{"Gesch\u00e4tzte Lesezeit":"3\u00a0Minuten"},"schema":{"@context":"https:\/\/schema.org","@graph":[{"@type":"WebPage","@id":"https:\/\/griffinautomotive.pl\/de\/polityka-prywatnosci\/","url":"https:\/\/griffinautomotive.pl\/de\/polityka-prywatnosci\/","name":"Polityka prywatno\u015bci - Griffin","isPartOf":{"@id":"https:\/\/griffinautomotive.pl\/#website"},"datePublished":"2022-04-26T10:50:51+00:00","dateModified":"2022-12-23T10:40:39+00:00","breadcrumb":{"@id":"https:\/\/griffinautomotive.pl\/de\/polityka-prywatnosci\/#breadcrumb"},"inLanguage":"de","potentialAction":[{"@type":"ReadAction","target":["https:\/\/griffinautomotive.pl\/de\/polityka-prywatnosci\/"]}]},{"@type":"BreadcrumbList","@id":"https:\/\/griffinautomotive.pl\/de\/polityka-prywatnosci\/#breadcrumb","itemListElement":[{"@type":"ListItem","position":1,"name":"Strona g\u0142\u00f3wna","item":"https:\/\/griffinautomotive.pl\/de\/"},{"@type":"ListItem","position":2,"name":"Polityka prywatno\u015bci"}]},{"@type":"WebSite","@id":"https:\/\/griffinautomotive.pl\/#website","url":"https:\/\/griffinautomotive.pl\/","name":"Griffin","description":"","potentialAction":[{"@type":"SearchAction","target":{"@type":"EntryPoint","urlTemplate":"https:\/\/griffinautomotive.pl\/?s={search_term_string}"},"query-input":{"@type":"PropertyValueSpecification","valueRequired":true,"valueName":"search_term_string"}}],"inLanguage":"de"}]}},"_links":{"self":[{"href":"https:\/\/griffinautomotive.pl\/de\/wp-json\/wp\/v2\/pages\/170","targetHints":{"allow":["GET"]}}],"collection":[{"href":"https:\/\/griffinautomotive.pl\/de\/wp-json\/wp\/v2\/pages"}],"about":[{"href":"https:\/\/griffinautomotive.pl\/de\/wp-json\/wp\/v2\/types\/page"}],"author":[{"embeddable":true,"href":"https:\/\/griffinautomotive.pl\/de\/wp-json\/wp\/v2\/users\/1"}],"replies":[{"embeddable":true,"href":"https:\/\/griffinautomotive.pl\/de\/wp-json\/wp\/v2\/comments?post=170"}],"version-history":[{"count":1,"href":"https:\/\/griffinautomotive.pl\/de\/wp-json\/wp\/v2\/pages\/170\/revisions"}],"predecessor-version":[{"id":171,"href":"https:\/\/griffinautomotive.pl\/de\/wp-json\/wp\/v2\/pages\/170\/revisions\/171"}],"wp:attachment":[{"href":"https:\/\/griffinautomotive.pl\/de\/wp-json\/wp\/v2\/media?parent=170"}],"curies":[{"name":"wp","href":"https:\/\/api.w.org\/{rel}","templated":true}]}}